{"id":7623,"date":"2025-09-04T01:49:08","date_gmt":"2025-09-04T01:49:08","guid":{"rendered":"https:\/\/www.karahe.com\/?page_id=7623"},"modified":"2025-11-30T14:41:07","modified_gmt":"2025-11-30T14:41:07","slug":"restaurant","status":"publish","type":"page","link":"https:\/\/www.karahe.com\/es\/restaurant\/","title":{"rendered":"Restaurante"},"content":{"rendered":"<div data-elementor-type=\"wp-page\" data-elementor-id=\"7623\" class=\"elementor elementor-7623\" data-elementor-post-type=\"page\">\n\t\t\t\t<div class=\"elementor-element elementor-element-932f290 e-flex e-con-boxed e-con e-parent\" data-id=\"932f290\" data-element_type=\"container\" data-settings=\"{&quot;background_background&quot;:&quot;classic&quot;}\">\n\t\t\t\t\t<div class=\"e-con-inner\">\n\t\t<div class=\"elementor-element elementor-element-4c0e2e3 e-con-full e-flex e-con e-child\" data-id=\"4c0e2e3\" data-element_type=\"container\">\n\t\t\t\t<div class=\"elementor-element elementor-element-2d7421a elementor-widget elementor-widget-spacer\" data-id=\"2d7421a\" data-element_type=\"widget\" data-widget_type=\"spacer.default\">\n\t\t\t\t<div class=\"elementor-widget-container\">\n\t\t\t\t\t\t\t<div class=\"elementor-spacer\">\n\t\t\t<div class=\"elementor-spacer-inner\"><\/div>\n\t\t<\/div>\n\t\t\t\t\t\t<\/div>\n\t\t\t\t<\/div>\n\t\t\t\t<div class=\"elementor-element elementor-element-fafe952 elementor-widget elementor-widget-hfe-infocard\" data-id=\"fafe952\" data-element_type=\"widget\" data-widget_type=\"hfe-infocard.default\">\n\t\t\t\t<div class=\"elementor-widget-container\">\n\t\t\t\t\t\n\t\t<div class=\"hfe-infocard\">\n\t\t\t\t\t\t\t\t\t<div class=\"hfe-infocard-title-wrap\">\n\t\t\t\t<h1 class=\"hfe-infocard-title elementor-inline-editing\" data-elementor-setting-key=\"infocard_title\" data-elementor-inline-editing-toolbar=\"basic\" > Restaurante Canto del Mar<\/h1>\t\t\t<\/div>\n\t\t\t\t\t\t<div class=\"hfe-infocard-text-wrap\">\n\t\t\t\t<div class=\"hfe-infocard-text elementor-inline-editing\" data-elementor-setting-key=\"infocard_description\" data-elementor-inline-editing-toolbar=\"advanced\">\n\t\t\t\t\tNuestro restaurante (CANTO DEL MAR) es conocido por su aut\u00e9ntica cocina costarricense y sus deliciosas especialidades peruanas. Cada ma\u00f1ana, nuestros hu\u00e9spedes pueden disfrutar de un desayuno con el tradicional pinto costarricense, huevos revueltos, variedad de panes, cereales y frutas, acompa\u00f1ado de un delicioso caf\u00e9 o una bebida natural. El almuerzo y la cena en Canto del Mar son a la carta. Ofrecemos una amplia variedad de platillos, desde el famoso casado costarricense hasta nuestros deliciosos y frescos mariscos.\n\t\t\t\t<\/div>\n\t\t\t\t\t\t\t<\/div>\n\t\t<\/div>\n\n\t\t\t\t\t\t<\/div>\n\t\t\t\t<\/div>\n\t\t\t\t<div class=\"elementor-element elementor-element-f38555a elementor-widget elementor-widget-button\" data-id=\"f38555a\" data-element_type=\"widget\" data-widget_type=\"button.default\">\n\t\t\t\t<div class=\"elementor-widget-container\">\n\t\t\t\t\t\t\t\t\t<div class=\"elementor-button-wrapper\">\n\t\t\t\t\t<a class=\"elementor-button elementor-button-link elementor-size-sm\" href=\"https:\/\/www.simplebooking.it\/ibe\/hotelbooking\/search?hid=7624&amp;lang=ES\">\n\t\t\t\t\t\t<span class=\"elementor-button-content-wrapper\">\n\t\t\t\t\t\t\t\t\t<span class=\"elementor-button-text\">RESERVA AHORA<\/span>\n\t\t\t\t\t<\/span>\n\t\t\t\t\t<\/a>\n\t\t\t\t<\/div>\n\t\t\t\t\t\t\t\t<\/div>\n\t\t\t\t<\/div>\n\t\t\t\t<div class=\"elementor-element elementor-element-3b72eaa elementor-widget elementor-widget-spacer\" data-id=\"3b72eaa\" data-element_type=\"widget\" data-widget_type=\"spacer.default\">\n\t\t\t\t<div class=\"elementor-widget-container\">\n\t\t\t\t\t\t\t<div class=\"elementor-spacer\">\n\t\t\t<div class=\"elementor-spacer-inner\"><\/div>\n\t\t<\/div>\n\t\t\t\t\t\t<\/div>\n\t\t\t\t<\/div>\n\t\t\t\t<div class=\"elementor-element elementor-element-4e1e044 elementor-widget elementor-widget-spacer\" data-id=\"4e1e044\" data-element_type=\"widget\" data-widget_type=\"spacer.default\">\n\t\t\t\t<div class=\"elementor-widget-container\">\n\t\t\t\t\t\t\t<div class=\"elementor-spacer\">\n\t\t\t<div class=\"elementor-spacer-inner\"><\/div>\n\t\t<\/div>\n\t\t\t\t\t\t<\/div>\n\t\t\t\t<\/div>\n\t\t\t\t<\/div>\n\t\t\t\t\t<\/div>\n\t\t\t\t<\/div>\n\t\t<div class=\"elementor-element elementor-element-e3a14f8 e-flex e-con-boxed e-con e-parent\" data-id=\"e3a14f8\" data-element_type=\"container\" data-settings=\"{&quot;background_background&quot;:&quot;gradient&quot;}\">\n\t\t\t\t\t<div class=\"e-con-inner\">\n\t\t\t\t<div class=\"elementor-element elementor-element-d49c850 elementor-widget elementor-widget-spacer\" data-id=\"d49c850\" data-element_type=\"widget\" data-widget_type=\"spacer.default\">\n\t\t\t\t<div class=\"elementor-widget-container\">\n\t\t\t\t\t\t\t<div class=\"elementor-spacer\">\n\t\t\t<div class=\"elementor-spacer-inner\"><\/div>\n\t\t<\/div>\n\t\t\t\t\t\t<\/div>\n\t\t\t\t<\/div>\n\t\t\t\t<div class=\"elementor-element elementor-element-79782ca elementor-widget elementor-widget-hfe-infocard\" data-id=\"79782ca\" data-element_type=\"widget\" data-widget_type=\"hfe-infocard.default\">\n\t\t\t\t<div class=\"elementor-widget-container\">\n\t\t\t\t\t\n\t\t<div class=\"hfe-infocard\">\n\t\t\t\t\t\t\t\t\t<div class=\"hfe-infocard-title-wrap\">\n\t\t\t\t<h1 class=\"hfe-infocard-title elementor-inline-editing\" data-elementor-setting-key=\"infocard_title\" data-elementor-inline-editing-toolbar=\"basic\" >Nuestra cocina<\/h1>\t\t\t<\/div>\n\t\t\t\t\t\t<div class=\"hfe-infocard-text-wrap\">\n\t\t\t\t<div class=\"hfe-infocard-text elementor-inline-editing\" data-elementor-setting-key=\"infocard_description\" data-elementor-inline-editing-toolbar=\"advanced\">\n\t\t\t\t\tCanto del Mar es conocido por sus platos t\u00edpicos costarricenses y su especialidad en comida peruana. Cada ma\u00f1ana, nuestros hu\u00e9spedes pueden disfrutar de un desayuno con tradicional pinto costarricense, huevos revueltos, variedad de panes, cereales y frutas, acompa\u00f1ado de un delicioso caf\u00e9 o una bebida natural. El almuerzo y la cena en Canto del Mar son a la carta. Ofrecemos una amplia variedad de platos, desde el famoso casado costarricense hasta nuestros deliciosos y frescos mariscos. Adem\u00e1s, podr\u00e1 deleitarse con un exquisito ceviche peruano, servido con una pi\u00f1a colada.\u201c\n\t\t\t\t<\/div>\n\t\t\t\t\t\t\t<\/div>\n\t\t<\/div>\n\n\t\t\t\t\t\t<\/div>\n\t\t\t\t<\/div>\n\t\t\t\t<div class=\"elementor-element elementor-element-7e253cc elementor-widget elementor-widget-spacer\" data-id=\"7e253cc\" data-element_type=\"widget\" data-widget_type=\"spacer.default\">\n\t\t\t\t<div class=\"elementor-widget-container\">\n\t\t\t\t\t\t\t<div class=\"elementor-spacer\">\n\t\t\t<div class=\"elementor-spacer-inner\"><\/div>\n\t\t<\/div>\n\t\t\t\t\t\t<\/div>\n\t\t\t\t<\/div>\n\t\t\t\t<div class=\"elementor-element elementor-element-05de059 elementor-widget elementor-widget-image-gallery\" data-id=\"05de059\" data-element_type=\"widget\" data-widget_type=\"image-gallery.default\">\n\t\t\t\t<div class=\"elementor-widget-container\">\n\t\t\t\t\t\t\t<div class=\"elementor-image-gallery\">\n\t\t\t<div id='gallery-1' class='gallery galleryid-7623 gallery-columns-3 gallery-size-full'><figure class='gallery-item'>\n\t\t\t<div class='gallery-icon landscape'>\n\t\t\t\t<a data-elementor-open-lightbox=\"yes\" data-elementor-lightbox-slideshow=\"05de059\" data-elementor-lightbox-title=\"06\" data-e-action-hash=\"#elementor-action%3Aaction%3Dlightbox%26settings%3DeyJpZCI6NTI2MiwidXJsIjoiaHR0cHM6XC9cL3d3dy5rYXJhaGUuY29tXC93cC1jb250ZW50XC91cGxvYWRzXC8yMDE3XC8wOFwvMDYuanBnIiwic2xpZGVzaG93IjoiMDVkZTA1OSJ9\" href='https:\/\/www.karahe.com\/wp-content\/uploads\/2017\/08\/06.jpg'><img loading=\"lazy\" decoding=\"async\" width=\"800\" height=\"350\" src=\"https:\/\/www.karahe.com\/wp-content\/uploads\/2017\/08\/06.jpg\" class=\"attachment-full size-full\" alt=\"06\" srcset=\"https:\/\/www.karahe.com\/wp-content\/uploads\/2017\/08\/06.jpg 800w, https:\/\/www.karahe.com\/wp-content\/uploads\/2017\/08\/06-300x131.jpg 300w, https:\/\/www.karahe.com\/wp-content\/uploads\/2017\/08\/06-768x336.jpg 768w, https:\/\/www.karahe.com\/wp-content\/uploads\/2017\/08\/06-705x308.jpg 705w\" sizes=\"auto, (max-width: 800px) 100vw, 800px\" title=\"Restaurante\"><\/a>\n\t\t\t<\/div><\/figure><figure class='gallery-item'>\n\t\t\t<div class='gallery-icon landscape'>\n\t\t\t\t<a data-elementor-open-lightbox=\"yes\" data-elementor-lightbox-slideshow=\"05de059\" data-elementor-lightbox-title=\"05\" data-e-action-hash=\"#elementor-action%3Aaction%3Dlightbox%26settings%3DeyJpZCI6NTI2MSwidXJsIjoiaHR0cHM6XC9cL3d3dy5rYXJhaGUuY29tXC93cC1jb250ZW50XC91cGxvYWRzXC8yMDE3XC8wOFwvMDUuanBnIiwic2xpZGVzaG93IjoiMDVkZTA1OSJ9\" href='https:\/\/www.karahe.com\/wp-content\/uploads\/2017\/08\/05.jpg'><img loading=\"lazy\" decoding=\"async\" width=\"800\" height=\"350\" src=\"https:\/\/www.karahe.com\/wp-content\/uploads\/2017\/08\/05.jpg\" class=\"attachment-full size-full\" alt=\"05\" srcset=\"https:\/\/www.karahe.com\/wp-content\/uploads\/2017\/08\/05.jpg 800w, https:\/\/www.karahe.com\/wp-content\/uploads\/2017\/08\/05-300x131.jpg 300w, https:\/\/www.karahe.com\/wp-content\/uploads\/2017\/08\/05-768x336.jpg 768w, https:\/\/www.karahe.com\/wp-content\/uploads\/2017\/08\/05-705x308.jpg 705w\" sizes=\"auto, (max-width: 800px) 100vw, 800px\" title=\"Restaurante\"><\/a>\n\t\t\t<\/div><\/figure><figure class='gallery-item'>\n\t\t\t<div class='gallery-icon landscape'>\n\t\t\t\t<a data-elementor-open-lightbox=\"yes\" data-elementor-lightbox-slideshow=\"05de059\" data-elementor-lightbox-title=\"04\" data-e-action-hash=\"#elementor-action%3Aaction%3Dlightbox%26settings%3DeyJpZCI6NTI2MCwidXJsIjoiaHR0cHM6XC9cL3d3dy5rYXJhaGUuY29tXC93cC1jb250ZW50XC91cGxvYWRzXC8yMDE3XC8wOFwvMDQuanBnIiwic2xpZGVzaG93IjoiMDVkZTA1OSJ9\" href='https:\/\/www.karahe.com\/wp-content\/uploads\/2017\/08\/04.jpg'><img loading=\"lazy\" decoding=\"async\" width=\"800\" height=\"350\" src=\"https:\/\/www.karahe.com\/wp-content\/uploads\/2017\/08\/04.jpg\" class=\"attachment-full size-full\" alt=\"04\" srcset=\"https:\/\/www.karahe.com\/wp-content\/uploads\/2017\/08\/04.jpg 800w, https:\/\/www.karahe.com\/wp-content\/uploads\/2017\/08\/04-300x131.jpg 300w, https:\/\/www.karahe.com\/wp-content\/uploads\/2017\/08\/04-768x336.jpg 768w, https:\/\/www.karahe.com\/wp-content\/uploads\/2017\/08\/04-705x308.jpg 705w\" sizes=\"auto, (max-width: 800px) 100vw, 800px\" title=\"Restaurante\"><\/a>\n\t\t\t<\/div><\/figure><figure class='gallery-item'>\n\t\t\t<div class='gallery-icon landscape'>\n\t\t\t\t<a data-elementor-open-lightbox=\"yes\" data-elementor-lightbox-slideshow=\"05de059\" data-elementor-lightbox-title=\"03\" data-e-action-hash=\"#elementor-action%3Aaction%3Dlightbox%26settings%3DeyJpZCI6NTI1OSwidXJsIjoiaHR0cHM6XC9cL3d3dy5rYXJhaGUuY29tXC93cC1jb250ZW50XC91cGxvYWRzXC8yMDE3XC8wOFwvMDMuanBnIiwic2xpZGVzaG93IjoiMDVkZTA1OSJ9\" href='https:\/\/www.karahe.com\/wp-content\/uploads\/2017\/08\/03.jpg'><img loading=\"lazy\" decoding=\"async\" width=\"800\" height=\"350\" src=\"https:\/\/www.karahe.com\/wp-content\/uploads\/2017\/08\/03.jpg\" class=\"attachment-full size-full\" alt=\"03\" srcset=\"https:\/\/www.karahe.com\/wp-content\/uploads\/2017\/08\/03.jpg 800w, https:\/\/www.karahe.com\/wp-content\/uploads\/2017\/08\/03-300x131.jpg 300w, https:\/\/www.karahe.com\/wp-content\/uploads\/2017\/08\/03-768x336.jpg 768w, https:\/\/www.karahe.com\/wp-content\/uploads\/2017\/08\/03-705x308.jpg 705w\" sizes=\"auto, (max-width: 800px) 100vw, 800px\" title=\"Restaurante\"><\/a>\n\t\t\t<\/div><\/figure><figure class='gallery-item'>\n\t\t\t<div class='gallery-icon landscape'>\n\t\t\t\t<a data-elementor-open-lightbox=\"yes\" data-elementor-lightbox-slideshow=\"05de059\" data-elementor-lightbox-title=\"02\" data-e-action-hash=\"#elementor-action%3Aaction%3Dlightbox%26settings%3DeyJpZCI6NTI1OCwidXJsIjoiaHR0cHM6XC9cL3d3dy5rYXJhaGUuY29tXC93cC1jb250ZW50XC91cGxvYWRzXC8yMDE3XC8wOFwvMDIuanBnIiwic2xpZGVzaG93IjoiMDVkZTA1OSJ9\" href='https:\/\/www.karahe.com\/wp-content\/uploads\/2017\/08\/02.jpg'><img loading=\"lazy\" decoding=\"async\" width=\"800\" height=\"350\" src=\"https:\/\/www.karahe.com\/wp-content\/uploads\/2017\/08\/02.jpg\" class=\"attachment-full size-full\" alt=\"02\" srcset=\"https:\/\/www.karahe.com\/wp-content\/uploads\/2017\/08\/02.jpg 800w, https:\/\/www.karahe.com\/wp-content\/uploads\/2017\/08\/02-300x131.jpg 300w, https:\/\/www.karahe.com\/wp-content\/uploads\/2017\/08\/02-768x336.jpg 768w, https:\/\/www.karahe.com\/wp-content\/uploads\/2017\/08\/02-705x308.jpg 705w\" sizes=\"auto, (max-width: 800px) 100vw, 800px\" title=\"Restaurante\"><\/a>\n\t\t\t<\/div><\/figure><figure class='gallery-item'>\n\t\t\t<div class='gallery-icon landscape'>\n\t\t\t\t<a data-elementor-open-lightbox=\"yes\" data-elementor-lightbox-slideshow=\"05de059\" data-elementor-lightbox-title=\"01\" data-e-action-hash=\"#elementor-action%3Aaction%3Dlightbox%26settings%3DeyJpZCI6NTI1NywidXJsIjoiaHR0cHM6XC9cL3d3dy5rYXJhaGUuY29tXC93cC1jb250ZW50XC91cGxvYWRzXC8yMDE3XC8wOFwvMDEuanBnIiwic2xpZGVzaG93IjoiMDVkZTA1OSJ9\" href='https:\/\/www.karahe.com\/wp-content\/uploads\/2017\/08\/01.jpg'><img loading=\"lazy\" decoding=\"async\" width=\"800\" height=\"350\" src=\"https:\/\/www.karahe.com\/wp-content\/uploads\/2017\/08\/01.jpg\" class=\"attachment-full size-full\" alt=\"01\" srcset=\"https:\/\/www.karahe.com\/wp-content\/uploads\/2017\/08\/01.jpg 800w, https:\/\/www.karahe.com\/wp-content\/uploads\/2017\/08\/01-300x131.jpg 300w, https:\/\/www.karahe.com\/wp-content\/uploads\/2017\/08\/01-768x336.jpg 768w, https:\/\/www.karahe.com\/wp-content\/uploads\/2017\/08\/01-705x308.jpg 705w\" sizes=\"auto, (max-width: 800px) 100vw, 800px\" title=\"Restaurante\"><\/a>\n\t\t\t<\/div><\/figure>\n\t\t<\/div>\n\t\t<\/div>\n\t\t\t\t\t\t<\/div>\n\t\t\t\t<\/div>\n\t\t\t\t<div class=\"elementor-element elementor-element-e0a1a10 elementor-widget elementor-widget-spacer\" data-id=\"e0a1a10\" data-element_type=\"widget\" data-widget_type=\"spacer.default\">\n\t\t\t\t<div class=\"elementor-widget-container\">\n\t\t\t\t\t\t\t<div class=\"elementor-spacer\">\n\t\t\t<div class=\"elementor-spacer-inner\"><\/div>\n\t\t<\/div>\n\t\t\t\t\t\t<\/div>\n\t\t\t\t<\/div>\n\t\t\t\t\t<\/div>\n\t\t\t\t<\/div>\n\t\t<div class=\"elementor-element elementor-element-1ce8e97 e-flex e-con-boxed elementor-invisible e-con e-parent\" data-id=\"1ce8e97\" data-element_type=\"container\" data-settings=\"{&quot;background_background&quot;:&quot;classic&quot;,&quot;animation&quot;:&quot;slideInRight&quot;}\">\n\t\t\t\t\t<div class=\"e-con-inner\">\n\t\t<div class=\"elementor-element elementor-element-dc713aa e-con-full e-flex e-con e-child\" data-id=\"dc713aa\" data-element_type=\"container\">\n\t\t\t\t<div class=\"elementor-element elementor-element-5b32693 elementor-invisible elementor-widget elementor-widget-heading\" data-id=\"5b32693\" data-element_type=\"widget\" data-settings=\"{&quot;_animation&quot;:&quot;bounceInDown&quot;}\" data-widget_type=\"heading.default\">\n\t\t\t\t<div class=\"elementor-widget-container\">\n\t\t\t\t\t<h2 class=\"elementor-heading-title elementor-size-default\">\u00a1Planea hoy mismo una experiencia inolvidable en Manuel Antonio!\n<\/h2>\t\t\t\t<\/div>\n\t\t\t\t<\/div>\n\t\t\t\t<div class=\"elementor-element elementor-element-c1bd5e8 elementor-widget elementor-widget-spacer\" data-id=\"c1bd5e8\" data-element_type=\"widget\" data-widget_type=\"spacer.default\">\n\t\t\t\t<div class=\"elementor-widget-container\">\n\t\t\t\t\t\t\t<div class=\"elementor-spacer\">\n\t\t\t<div class=\"elementor-spacer-inner\"><\/div>\n\t\t<\/div>\n\t\t\t\t\t\t<\/div>\n\t\t\t\t<\/div>\n\t\t\t\t<div class=\"elementor-element elementor-element-a230767 elementor-widget elementor-widget-heading\" data-id=\"a230767\" data-element_type=\"widget\" data-widget_type=\"heading.default\">\n\t\t\t\t<div class=\"elementor-widget-container\">\n\t\t\t\t\t<p class=\"elementor-heading-title elementor-size-default\"><a href=\"https:\/\/interbola2.net\/\">Juega muchos juegos en una sola cuenta en interbola2<\/a><\/p>\t\t\t\t<\/div>\n\t\t\t\t<\/div>\n\t\t\t\t<div class=\"elementor-element elementor-element-d350516 elementor-align-center elementor-widget__width-inherit animated-slow elementor-invisible elementor-widget elementor-widget-button\" data-id=\"d350516\" data-element_type=\"widget\" data-settings=\"{&quot;_animation&quot;:&quot;zoomInUp&quot;,&quot;_animation_delay&quot;:0}\" data-widget_type=\"button.default\">\n\t\t\t\t<div class=\"elementor-widget-container\">\n\t\t\t\t\t\t\t\t\t<div class=\"elementor-button-wrapper\">\n\t\t\t\t\t<a class=\"elementor-button elementor-button-link elementor-size-sm\" href=\"https:\/\/www.simplebooking.it\/ibe\/hotelbooking\/search?hid=7624&amp;lang=ES\">\n\t\t\t\t\t\t<span class=\"elementor-button-content-wrapper\">\n\t\t\t\t\t\t\t\t\t<span class=\"elementor-button-text\">\u00a1RESERVA YA!<\/span>\n\t\t\t\t\t<\/span>\n\t\t\t\t\t<\/a>\n\t\t\t\t<\/div>\n\t\t\t\t\t\t\t\t<\/div>\n\t\t\t\t<\/div>\n\t\t\t\t<\/div>\n\t\t\t\t\t<\/div>\n\t\t\t\t<\/div>\n\t\t<div class=\"elementor-element elementor-element-7d80a16 e-flex e-con-boxed e-con e-parent\" data-id=\"7d80a16\" data-element_type=\"container\">\n\t\t\t\t\t<div class=\"e-con-inner\">\n\t\t\t\t<div class=\"elementor-element elementor-element-bb166ac elementor-fixed elementor-shape-rounded elementor-grid-0 e-grid-align-center elementor-widget elementor-widget-social-icons\" data-id=\"bb166ac\" data-element_type=\"widget\" data-settings=\"{&quot;_position&quot;:&quot;fixed&quot;}\" data-widget_type=\"social-icons.default\">\n\t\t\t\t<div class=\"elementor-widget-container\">\n\t\t\t\t\t\t\t<div class=\"elementor-social-icons-wrapper elementor-grid\">\n\t\t\t\t\t\t\t<span class=\"elementor-grid-item\">\n\t\t\t\t\t<a class=\"elementor-icon elementor-social-icon elementor-social-icon-book now! elementor-repeater-item-5d9d192\" href=\"https:\/\/www.simplebooking.it\/ibe\/hotelbooking\/search?hid=7624&amp;lang=ES\" target=\"_blank\">\n\t\t\t\t\t\t<span class=\"elementor-screen-only\">\u00a1Reserva ahora!<\/span>\n\t\t\t\t\t\t<svg xmlns=\"http:\/\/www.w3.org\/2000\/svg\" id=\"Layer_1\" data-name=\"Layer 1\" viewbox=\"0 0 1027.39 1022\"><defs><style>      .cls-1 {        letter-spacing: -.02em;      }      .cls-2 {        letter-spacing: 0em;      }      .cls-3 {        letter-spacing: 0em;      }      .cls-4 {        letter-spacing: -.02em;      }      .cls-5 {        fill: #0b74bb;        stroke: #0b74bb;        stroke-miterlimit: 10;        stroke-width: 22px;      }      .cls-6 {        fill: #fff;        font-family: SourceSerifVariable-Roman, 'Source Serif Variable';        font-size: 306.78px;        font-variation-settings: 'wght' 389;      }      .cls-7 {        letter-spacing: -.03em;      }    <\/style><\/defs><rect class=\"cls-5\" x=\"11\" y=\"11\" width=\"1005.39\" height=\"1000\"><\/rect><text class=\"cls-6\" transform=\"translate(147.09 403.63) scale(.88 1)\"><tspan class=\"cls-3\" x=\"0\" y=\"0\">B<\/tspan><tspan class=\"cls-2\" x=\"189.59\" y=\"0\">O<\/tspan><tspan class=\"cls-1\" x=\"409.54\" y=\"0\">O<\/tspan><tspan x=\"618.76\" y=\"0\">K<\/tspan><tspan class=\"cls-4\" x=\"6.59\" y=\"368.13\">N<\/tspan><tspan class=\"cls-7\" x=\"225.94\" y=\"368.13\">O<\/tspan><tspan x=\"433.62\" y=\"368.13\">W!<\/tspan><\/text><\/svg>\t\t\t\t\t<\/a>\n\t\t\t\t<\/span>\n\t\t\t\t\t<\/div>\n\t\t\t\t\t\t<\/div>\n\t\t\t\t<\/div>\n\t\t\t\t\t<\/div>\n\t\t\t\t<\/div>\n\t\t<div class=\"elementor-element elementor-element-7f41279 e-flex e-con-boxed e-con e-parent\" data-id=\"7f41279\" data-element_type=\"container\">\n\t\t\t\t\t<div class=\"e-con-inner\">\n\t\t\t\t<div class=\"elementor-element elementor-element-5c85dc3 elementor-fixed elementor-shape-rounded elementor-grid-0 e-grid-align-center elementor-widget elementor-widget-social-icons\" data-id=\"5c85dc3\" data-element_type=\"widget\" data-settings=\"{&quot;_position&quot;:&quot;fixed&quot;}\" data-widget_type=\"social-icons.default\">\n\t\t\t\t<div class=\"elementor-widget-container\">\n\t\t\t\t\t\t\t<div class=\"elementor-social-icons-wrapper elementor-grid\">\n\t\t\t\t\t\t\t<span class=\"elementor-grid-item\">\n\t\t\t\t\t<a class=\"elementor-icon elementor-social-icon elementor-social-icon-whatsapp elementor-repeater-item-a61c5f7\" href=\"https:\/\/wa.me\/50687547250\" target=\"_blank\">\n\t\t\t\t\t\t<span class=\"elementor-screen-only\">WhatsApp<\/span>\n\t\t\t\t\t\t<i aria-hidden=\"true\" class=\"fab fa-whatsapp\"><\/i>\t\t\t\t\t<\/a>\n\t\t\t\t<\/span>\n\t\t\t\t\t<\/div>\n\t\t\t\t\t\t<\/div>\n\t\t\t\t<\/div>\n\t\t\t\t\t<\/div>\n\t\t\t\t<\/div>\n\t\t\t\t<\/div>","protected":false},"excerpt":{"rendered":"<p>Restaurante Canto del Mar. Nuestro restaurante (CANTO DEL MAR) es conocido por su aut\u00e9ntica cocina costarricense y sus deliciosas especialidades peruanas. Todas las ma\u00f1anas, los hu\u00e9spedes pueden disfrutar de un desayuno con tradicional pinto costarricense, huevos revueltos, variedad de panes, cereales y frutas, acompa\u00f1ado de un delicioso caf\u00e9 o una bebida natural. El almuerzo y [\u2026]<\/p>","protected":false},"author":4,"featured_media":0,"parent":0,"menu_order":0,"comment_status":"closed","ping_status":"closed","template":"","meta":{"nf_dc_page":"","site-sidebar-layout":"no-sidebar","site-content-layout":"page-builder","ast-site-content-layout":"full-width-container","site-content-style":"default","site-sidebar-style":"default","ast-global-header-display":"","ast-banner-title-visibility":"","ast-main-header-display":"","ast-hfb-above-header-display":"","ast-hfb-below-header-display":"","ast-hfb-mobile-header-display":"","site-post-title":"disabled","ast-breadcrumbs-content":"","ast-featured-img":"disabled","footer-sml-layout":"","ast-disable-related-posts":"","theme-transparent-header-meta":"","adv-header-id-meta":"","stick-header-meta":"","header-above-stick-meta":"","header-main-stick-meta":"","header-below-stick-meta":"","astra-migrate-meta-layouts":"set","ast-page-background-enabled":"default","ast-page-background-meta":{"desktop":{"background-color":"","background-image":"","background-repeat":"repeat","background-position":"center center","background-size":"auto","background-attachment":"scroll","background-type":"","background-media":"","overlay-type":"","overlay-color":"","overlay-opacity":"","overlay-gradient":""},"tablet":{"background-color":"","background-image":"","background-repeat":"repeat","background-position":"center center","background-size":"auto","background-attachment":"scroll","background-type":"","background-media":"","overlay-type":"","overlay-color":"","overlay-opacity":"","overlay-gradient":""},"mobile":{"background-color":"","background-image":"","background-repeat":"repeat","background-position":"center center","background-size":"auto","background-attachment":"scroll","background-type":"","background-media":"","overlay-type":"","overlay-color":"","overlay-opacity":"","overlay-gradient":""}},"ast-content-background-meta":{"desktop":{"background-color":"var(--ast-global-color-5)","background-image":"","background-repeat":"repeat","background-position":"center center","background-size":"auto","background-attachment":"scroll","background-type":"","background-media":"","overlay-type":"","overlay-color":"","overlay-opacity":"","overlay-gradient":""},"tablet":{"background-color":"var(--ast-global-color-5)","background-image":"","background-repeat":"repeat","background-position":"center center","background-size":"auto","background-attachment":"scroll","background-type":"","background-media":"","overlay-type":"","overlay-color":"","overlay-opacity":"","overlay-gradient":""},"mobile":{"background-color":"var(--ast-global-color-5)","background-image":"","background-repeat":"repeat","background-position":"center center","background-size":"auto","background-attachment":"scroll","background-type":"","background-media":"","overlay-type":"","overlay-color":"","overlay-opacity":"","overlay-gradient":""}},"footnotes":""},"class_list":["post-7623","page","type-page","status-publish","hentry"],"_links":{"self":[{"href":"https:\/\/www.karahe.com\/es\/wp-json\/wp\/v2\/pages\/7623","targetHints":{"allow":["GET"]}}],"collection":[{"href":"https:\/\/www.karahe.com\/es\/wp-json\/wp\/v2\/pages"}],"about":[{"href":"https:\/\/www.karahe.com\/es\/wp-json\/wp\/v2\/types\/page"}],"author":[{"embeddable":true,"href":"https:\/\/www.karahe.com\/es\/wp-json\/wp\/v2\/users\/4"}],"replies":[{"embeddable":true,"href":"https:\/\/www.karahe.com\/es\/wp-json\/wp\/v2\/comments?post=7623"}],"version-history":[{"count":44,"href":"https:\/\/www.karahe.com\/es\/wp-json\/wp\/v2\/pages\/7623\/revisions"}],"predecessor-version":[{"id":8624,"href":"https:\/\/www.karahe.com\/es\/wp-json\/wp\/v2\/pages\/7623\/revisions\/8624"}],"wp:attachment":[{"href":"https:\/\/www.karahe.com\/es\/wp-json\/wp\/v2\/media?parent=7623"}],"curies":[{"name":"wp","href":"https:\/\/api.w.org\/{rel}","templated":true}]}}