{"id":146,"date":"2025-08-28T22:09:23","date_gmt":"2025-08-28T22:09:23","guid":{"rendered":"https:\/\/www.karahe.com\/amenities\/"},"modified":"2025-12-09T10:23:30","modified_gmt":"2025-12-09T10:23:30","slug":"about-u-amenities","status":"publish","type":"page","link":"https:\/\/www.karahe.com\/es\/about-u-amenities\/","title":{"rendered":"Sobre nosotros y servicios"},"content":{"rendered":"<h1 data-elementor-setting-key=\"infocard_title\" data-elementor-inline-editing-toolbar=\"basic\">Sobre nosotros y servicios<\/h1>\n<p>En nuestro hotel, le ofrecemos mucho m\u00e1s que un simple alojamiento. Creamos un ambiente donde podr\u00e1 disfrutar al m\u00e1ximo de sus vacaciones. Sum\u00e9rjase en un mundo de confort y elegancia, y perm\u00edtanos brindarle una experiencia revitalizante y rejuvenecedora.<br \/>\n<a href=\"https:\/\/www.simplebooking.it\/ibe\/hotelbooking\/search?hid=7624&amp;lang=ES\"><br \/>\nRESERVA AHORA<br \/>\n<\/a><br \/>\n<a href=\"https:\/\/msms.org.in\/about\/\" target=\"_blank\" rel=\"noopener\"><br \/>\nRanura de soporte<br \/>\n<\/a><\/p>\n<style>      .cls-1 {        letter-spacing: -.02em;      }      .cls-2 {        letter-spacing: 0em;      }      .cls-3 {        letter-spacing: 0em;      }      .cls-4 {        letter-spacing: -.02em;      }      .cls-5 {        fill: #0b74bb;        stroke: #0b74bb;        stroke-miterlimit: 10;        stroke-width: 22px;      }      .cls-6 {        fill: #fff;        font-family: SourceSerifVariable-Roman, 'Source Serif Variable';        font-size: 306.78px;        font-variation-settings: 'wght' 389;      }      .cls-7 {        letter-spacing: -.03em;      }    <\/style>\n<p>\u00a1RESERVA YA!<\/p>\n<h2>Karah\u00e9<\/h2>\n<h2>Hotel de playa<\/h2>\n<p>Karahe se fund\u00f3 en 1980, en un momento en que Manuel Antonio apenas comenzaba a emerger como un destino tur\u00edstico atractivo y no hab\u00eda hoteles en la zona.<\/p>\n<p>Do\u00f1a Cecilia, fundadora del Hotel Karahe, decidi\u00f3 construir un hotel que ofreciera a sus visitantes una experiencia placentera e inolvidable. Opt\u00f3 por construir villas en la monta\u00f1a, cada una con su propia terraza y ba\u00f1o, que pronto se hicieron famosas por sus impresionantes vistas y su excepcional servicio al cliente, que hac\u00eda que los hu\u00e9spedes se sintieran como en casa.<\/p>\n<p>En pocos meses, Karahe se convirti\u00f3 en un destino favorito para los visitantes norteamericanos y europeos, que a menudo se alojaban en las villas durante m\u00e1s de dos semanas, conectando con la naturaleza y disfrutando del tiempo libre en una de las playas m\u00e1s hermosas del pa\u00eds.<\/p>\n<p>Con el paso de los a\u00f1os, hu\u00e9spedes de todo el mundo se han enamorado de la belleza natural y el encanto de la zona, que a\u00fan se considera uno de los para\u00edsos m\u00e1s impresionantes del mundo.<\/p>\n<p>Desde entonces, el hotel ha crecido hasta convertirse en lo que es hoy: Karahe, un hotel frente a la playa con restaurante, piscina, exuberantes jardines y 49 habitaciones, incluyendo 7 villas, 8 habitaciones est\u00e1ndar, 4 habitaciones SeaBreeze, 6 habitaciones de SeaBreeze Deluxe y 24 habitaciones Beach Front<\/p>\n<p><img loading=\"lazy\" decoding=\"async\" src=\"https:\/\/www.karahe.com\/wp-content\/uploads\/2025\/09\/MA-Beach-1-e1757719877814.png\" sizes=\"auto, (max-width: 845px) 100vw, 845px\" srcset=\"https:\/\/www.karahe.com\/wp-content\/uploads\/2025\/09\/MA-Beach-1-e1757719877814.png 845w, https:\/\/www.karahe.com\/wp-content\/uploads\/2025\/09\/MA-Beach-1-e1757719877814-226x300.png 226w, https:\/\/www.karahe.com\/wp-content\/uploads\/2025\/09\/MA-Beach-1-e1757719877814-773x1024.png 773w, https:\/\/www.karahe.com\/wp-content\/uploads\/2025\/09\/MA-Beach-1-e1757719877814-768x1018.png 768w\" alt=\"ma beach\" width=\"845\" height=\"1120\" title=\"Sobre nosotros y servicios\"><\/p>\n<h2 data-elementor-setting-key=\"infocard_title\" data-elementor-inline-editing-toolbar=\"basic\">Nuestros servicios<\/h2>\n<p><a href=\"https:\/\/www.simplebooking.it\/ibe\/hotelbooking\/search?hid=7624&amp;lang=ES\"><br \/>\nObt\u00e9n reservas<br \/>\n<\/a><br \/>\n<img loading=\"lazy\" decoding=\"async\" src=\"https:\/\/www.karahe.com\/wp-content\/uploads\/2017\/05\/PG-19-e1756420565207.jpg\" sizes=\"auto, (max-width: 450px) 100vw, 450px\" srcset=\"https:\/\/www.karahe.com\/wp-content\/uploads\/2017\/05\/PG-19-e1756420565207.jpg 450w, https:\/\/www.karahe.com\/wp-content\/uploads\/2017\/05\/PG-19-e1756420565207-202x300.jpg 202w\" alt=\"PG 19 E1756420565207\" width=\"450\" height=\"667\" title=\"Sobre nosotros y servicios\"><\/p>\n<h3>Piscina m\u00e1gica junto a la playa<\/h3>\n<p>Descubre la magia de nuestra piscina junto a la playa, con una encantadora cascada y c\u00f3modas tumbonas donde podr\u00e1s relajarte en un ambiente sereno. Por la noche, la zona de la piscina cobra vida con una iluminaci\u00f3n suave y elegante, creando un ambiente verdaderamente rom\u00e1ntico y acogedor.<\/p>\n<p><img loading=\"lazy\" decoding=\"async\" src=\"https:\/\/www.karahe.com\/wp-content\/uploads\/2025\/08\/gettyimages-1199456282-2048x2048-1-e1756494916317.webp\" sizes=\"auto, (max-width: 845px) 100vw, 845px\" srcset=\"https:\/\/www.karahe.com\/wp-content\/uploads\/2025\/08\/gettyimages-1199456282-2048x2048-1-e1756494916317.webp 845w, https:\/\/www.karahe.com\/wp-content\/uploads\/2025\/08\/gettyimages-1199456282-2048x2048-1-e1756494916317-197x300.webp 197w, https:\/\/www.karahe.com\/wp-content\/uploads\/2025\/08\/gettyimages-1199456282-2048x2048-1-e1756494916317-671x1024.webp 671w, https:\/\/www.karahe.com\/wp-content\/uploads\/2025\/08\/gettyimages-1199456282-2048x2048-1-e1756494916317-768x1172.webp 768w\" alt=\"gettyimages 1199456282 2048x2048\" width=\"845\" height=\"1290\" title=\"Sobre nosotros y servicios\"><\/p>\n<h3>Acceso directo a la playa<\/h3>\n<p>Nuestro mayor tesoro es la playa. Su belleza y serenidad hacen del Hotel Karahe la opci\u00f3n perfecta en la zona de Manuel Antonio.<\/p>\n<p><a href=\"https:\/\/www.karahe.com\/es\/staging\/3071\/rooms\/\"><br \/>\n<img loading=\"lazy\" decoding=\"async\" src=\"https:\/\/www.karahe.com\/wp-content\/uploads\/2025\/09\/superior_beach_front-e1756755574562.jpg\" sizes=\"auto, (max-width: 480px) 100vw, 480px\" srcset=\"https:\/\/www.karahe.com\/wp-content\/uploads\/2025\/09\/superior_beach_front-e1756755574562.jpg 480w, https:\/\/www.karahe.com\/wp-content\/uploads\/2025\/09\/superior_beach_front-e1756755574562-217x300.jpg 217w\" alt=\"superior beach front cropped\" width=\"480\" height=\"663\" title=\"Sobre nosotros y servicios\"> <\/a><\/p>\n<h3>Nuestras habitaciones<\/h3>\n<p>Nuestras habitaciones son mucho m\u00e1s que un lugar donde alojarse. Su ambiente sereno garantiza comodidad y relajaci\u00f3n durante toda su estancia.<\/p>\n<p><a href=\"https:\/\/www.karahe.com\/es\/rooms\/\"><br \/>\nLeer m\u00e1s<br \/>\n<\/a><br \/>\n<img loading=\"lazy\" decoding=\"async\" src=\"https:\/\/www.karahe.com\/wp-content\/uploads\/2017\/05\/PG-18-e1756489446383.jpg\" sizes=\"auto, (max-width: 455px) 100vw, 455px\" srcset=\"https:\/\/www.karahe.com\/wp-content\/uploads\/2017\/05\/PG-18-e1756489446383.jpg 455w, https:\/\/www.karahe.com\/wp-content\/uploads\/2017\/05\/PG-18-e1756489446383-205x300.jpg 205w\" alt=\"PG 18 E1756489446383\" width=\"455\" height=\"667\" title=\"Sobre nosotros y servicios\"><\/p>\n<h3>Restaurante del hotel<\/h3>\n<p>Nuestro restaurante (CANTO DEL MAR) es conocido por nuestra aut\u00e9ntica cocina costarricense y nuestras deliciosas especialidades peruanas.<br \/>\nCada ma\u00f1ana, los hu\u00e9spedes pueden disfrutar de un desayuno con el tradicional pinto costarricense, huevos salteados, variedad de panes, cereales, frutas, servido con un delicioso caf\u00e9 o una bebida natural.<br \/>\nEl almuerzo y la cena en Canto del Mar son a la carta. Ofrecemos una amplia variedad de platillos, desde el famoso casado costarricense hasta nuestros deliciosos y frescos mariscos.<\/p>\n<p><a href=\"https:\/\/www.karahe.com\/es\/restaurant\/\"><br \/>\nLeer m\u00e1s<br \/>\n<\/a><br \/>\n<img loading=\"lazy\" decoding=\"async\" src=\"https:\/\/www.karahe.com\/wp-content\/uploads\/2023\/05\/IMG_9357-e1758926999640.jpg\" sizes=\"auto, (max-width: 1346px) 100vw, 1346px\" srcset=\"https:\/\/www.karahe.com\/wp-content\/uploads\/2023\/05\/IMG_9357-e1758926999640.jpg 1346w, https:\/\/www.karahe.com\/wp-content\/uploads\/2023\/05\/IMG_9357-e1758926999640-247x300.jpg 247w, https:\/\/www.karahe.com\/wp-content\/uploads\/2023\/05\/IMG_9357-e1758926999640-844x1024.jpg 844w, https:\/\/www.karahe.com\/wp-content\/uploads\/2023\/05\/IMG_9357-e1758926999640-768x932.jpg 768w, https:\/\/www.karahe.com\/wp-content\/uploads\/2023\/05\/IMG_9357-e1758926999640-1265x1536.jpg 1265w\" alt=\"IMG 9357 E1758926999640\" width=\"1346\" height=\"1634\" title=\"Sobre nosotros y servicios\"><\/p>\n<h3>Hermosos jardines<\/h3>\n<p>Juega muchos juegos tambi\u00e9n en <a href=\"https:\/\/www.syafierayamin.com\/testimonials\/\">ranura de soporte<\/a><\/p>\n<p>Ubicado en el \u00e1rea del Parque Nacional Manuel Antonio, el Hotel Karahe cuenta con una variedad de jardines que se mantienen diariamente para lograr este hermoso h\u00e1bitat que pueden disfrutar nuestros hu\u00e9spedes y los animales que viven en los jardines de nuestro hotel.<\/p>\n<h2>\u00a1Planea hoy mismo una experiencia inolvidable en Manuel Antonio!<\/h2>\n<p><a href=\"https:\/\/www.simplebooking.it\/ibe\/hotelbooking\/search?hid=7624&amp;lang=ES\">Reserve su estancia ahora, \u00a1mejores precios online garantizados!<\/a><\/p>\n<p><a href=\"https:\/\/www.simplebooking.it\/ibe\/hotelbooking\/search?hid=7624&amp;lang=ES\"><br \/>\n\u00a1RESERVA YA!<br \/>\n<\/a><br \/>\n<a href=\"https:\/\/wa.me\/50687547250\" target=\"_blank\" rel=\"noopener\"><br \/>\nWhatsApp<br \/>\n<\/a><\/p>","protected":false},"excerpt":{"rendered":"<p>Sobre nosotros y servicios En nuestro hotel, ofrecemos m\u00e1s que un simple lugar para hospedarse. Creamos un ambiente donde podr\u00e1 disfrutar al m\u00e1ximo de sus vacaciones. Ad\u00e9ntrese en un mundo de confort y elegancia, y perm\u00edtanos brindarle una experiencia refrescante y revitalizante. \u00a1RESERVE AHORA! Susterslot \u00a1RESERVE AHORA! Playa Karah\u00e9 [\u2026]<\/p>","protected":false},"author":4,"featured_media":0,"parent":0,"menu_order":0,"comment_status":"closed","ping_status":"closed","template":"","meta":{"nf_dc_page":"","site-sidebar-layout":"no-sidebar","site-content-layout":"page-builder","ast-site-content-layout":"full-width-container","site-content-style":"unboxed","site-sidebar-style":"unboxed","ast-global-header-display":"","ast-banner-title-visibility":"","ast-main-header-display":"","ast-hfb-above-header-display":"","ast-hfb-below-header-display":"","ast-hfb-mobile-header-display":"","site-post-title":"disabled","ast-breadcrumbs-content":"","ast-featured-img":"disabled","footer-sml-layout":"","ast-disable-related-posts":"","theme-transparent-header-meta":"enabled","adv-header-id-meta":"","stick-header-meta":"","header-above-stick-meta":"","header-main-stick-meta":"","header-below-stick-meta":"","astra-migrate-meta-layouts":"set","ast-page-background-enabled":"default","ast-page-background-meta":{"desktop":{"background-color":"","background-image":"","background-repeat":"repeat","background-position":"center center","background-size":"auto","background-attachment":"scroll","background-type":"","background-media":"","overlay-type":"","overlay-color":"","overlay-opacity":"","overlay-gradient":""},"tablet":{"background-color":"","background-image":"","background-repeat":"repeat","background-position":"center center","background-size":"auto","background-attachment":"scroll","background-type":"","background-media":"","overlay-type":"","overlay-color":"","overlay-opacity":"","overlay-gradient":""},"mobile":{"background-color":"","background-image":"","background-repeat":"repeat","background-position":"center center","background-size":"auto","background-attachment":"scroll","background-type":"","background-media":"","overlay-type":"","overlay-color":"","overlay-opacity":"","overlay-gradient":""}},"ast-content-background-meta":{"desktop":{"background-color":"var(--ast-global-color-5)","background-image":"","background-repeat":"repeat","background-position":"center center","background-size":"auto","background-attachment":"scroll","background-type":"","background-media":"","overlay-type":"","overlay-color":"","overlay-opacity":"","overlay-gradient":""},"tablet":{"background-color":"var(--ast-global-color-5)","background-image":"","background-repeat":"repeat","background-position":"center center","background-size":"auto","background-attachment":"scroll","background-type":"","background-media":"","overlay-type":"","overlay-color":"","overlay-opacity":"","overlay-gradient":""},"mobile":{"background-color":"var(--ast-global-color-5)","background-image":"","background-repeat":"repeat","background-position":"center center","background-size":"auto","background-attachment":"scroll","background-type":"","background-media":"","overlay-type":"","overlay-color":"","overlay-opacity":"","overlay-gradient":""}},"footnotes":""},"class_list":["post-146","page","type-page","status-publish","hentry"],"_links":{"self":[{"href":"https:\/\/www.karahe.com\/es\/wp-json\/wp\/v2\/pages\/146","targetHints":{"allow":["GET"]}}],"collection":[{"href":"https:\/\/www.karahe.com\/es\/wp-json\/wp\/v2\/pages"}],"about":[{"href":"https:\/\/www.karahe.com\/es\/wp-json\/wp\/v2\/types\/page"}],"author":[{"embeddable":true,"href":"https:\/\/www.karahe.com\/es\/wp-json\/wp\/v2\/users\/4"}],"replies":[{"embeddable":true,"href":"https:\/\/www.karahe.com\/es\/wp-json\/wp\/v2\/comments?post=146"}],"version-history":[{"count":133,"href":"https:\/\/www.karahe.com\/es\/wp-json\/wp\/v2\/pages\/146\/revisions"}],"predecessor-version":[{"id":8626,"href":"https:\/\/www.karahe.com\/es\/wp-json\/wp\/v2\/pages\/146\/revisions\/8626"}],"wp:attachment":[{"href":"https:\/\/www.karahe.com\/es\/wp-json\/wp\/v2\/media?parent=146"}],"curies":[{"name":"wp","href":"https:\/\/api.w.org\/{rel}","templated":true}]}}